{"id":23,"date":"2021-02-20T20:07:30","date_gmt":"2021-02-20T20:07:30","guid":{"rendered":"http:\/\/jpbittencourt.com.br\/?page_id=23"},"modified":"2021-02-20T17:38:43","modified_gmt":"2021-02-20T20:38:43","slug":"contato","status":"publish","type":"page","link":"https:\/\/jpbittencourt.com.br\/?page_id=23","title":{"rendered":"Contato"},"content":{"rendered":"\n<h4>Sede do escrit\u00f3rio<\/h4>\n\n\n\n<figure class=\"wp-block-image size-large\"><img loading=\"lazy\" width=\"800\" height=\"431\" src=\"http:\/\/jpbittencourt.com.br\/wp-content\/uploads\/2021\/02\/escritorio-2.jpg\" alt=\"\" class=\"wp-image-38\" srcset=\"https:\/\/jpbittencourt.com.br\/wp-content\/uploads\/2021\/02\/escritorio-2.jpg 800w, https:\/\/jpbittencourt.com.br\/wp-content\/uploads\/2021\/02\/escritorio-2-300x162.jpg 300w, https:\/\/jpbittencourt.com.br\/wp-content\/uploads\/2021\/02\/escritorio-2-768x414.jpg 768w\" sizes=\"(max-width: 767px) 89vw, (max-width: 1000px) 54vw, (max-width: 1071px) 543px, 580px\" \/><\/figure>\n\n\n\n<ul><li>Rua Padre Ant\u00f4nio Berckembroch, 68, fundos, sala 02, bairro Morrotes, Tubar\u00e3o\/SC<\/li><li>Celular&nbsp; (48) 99917-9394<\/li><li>WhatsApp (48) 99917-9394<\/li><li>jpbittencourtadv@gmail.com<\/li><li>jpbittencourt@msn.com&nbsp;&nbsp;&nbsp;&nbsp;&nbsp;<\/li><\/ul>\n\n\n\n<h6><strong>Entre em contato tamb\u00e9m pelas redes sociais<\/strong><br>Instagram: <a href=\"https:\/\/www.instagram.com\/josepaulo.adv\">josepaulo.adv<\/a><br>Facebook: <a href=\"https:\/\/www.facebook.com\/jpbittencourtadv\">@jpbittencourtadv<\/a><\/h6>\n","protected":false},"excerpt":{"rendered":"<p>Sede do escrit\u00f3rio Rua Padre Ant\u00f4nio Berckembroch, 68, fundos, sala 02, bairro Morrotes, Tubar\u00e3o\/SC Celular&nbsp; (48) 99917-9394 WhatsApp (48) 99917-9394 jpbittencourtadv@gmail.com jpbittencourt@msn.com&nbsp;&nbsp;&nbsp;&nbsp;&nbsp; Entre em contato tamb\u00e9m pelas redes sociaisInstagram: josepaulo.advFacebook: @jpbittencourtadv<\/p>\n","protected":false},"author":1,"featured_media":0,"parent":0,"menu_order":0,"comment_status":"closed","ping_status":"closed","template":"","meta":[],"_links":{"self":[{"href":"https:\/\/jpbittencourt.com.br\/index.php?rest_route=\/wp\/v2\/pages\/23"}],"collection":[{"href":"https:\/\/jpbittencourt.com.br\/index.php?rest_route=\/wp\/v2\/pages"}],"about":[{"href":"https:\/\/jpbittencourt.com.br\/index.php?rest_route=\/wp\/v2\/types\/page"}],"author":[{"embeddable":true,"href":"https:\/\/jpbittencourt.com.br\/index.php?rest_route=\/wp\/v2\/users\/1"}],"replies":[{"embeddable":true,"href":"https:\/\/jpbittencourt.com.br\/index.php?rest_route=%2Fwp%2Fv2%2Fcomments&post=23"}],"version-history":[{"count":3,"href":"https:\/\/jpbittencourt.com.br\/index.php?rest_route=\/wp\/v2\/pages\/23\/revisions"}],"predecessor-version":[{"id":32,"href":"https:\/\/jpbittencourt.com.br\/index.php?rest_route=\/wp\/v2\/pages\/23\/revisions\/32"}],"wp:attachment":[{"href":"https:\/\/jpbittencourt.com.br\/index.php?rest_route=%2Fwp%2Fv2%2Fmedia&parent=23"}],"curies":[{"name":"wp","href":"https:\/\/api.w.org\/{rel}","templated":true}]}}