{"id":42,"date":"2021-03-02T00:24:13","date_gmt":"2021-03-02T03:24:13","guid":{"rendered":"http:\/\/jpbittencourt.com.br\/?page_id=42"},"modified":"2021-03-02T00:24:13","modified_gmt":"2021-03-02T03:24:13","slug":"areas-de-atuacao","status":"publish","type":"page","link":"https:\/\/jpbittencourt.com.br\/?page_id=42","title":{"rendered":"\u00c1reas de atua\u00e7\u00e3o"},"content":{"rendered":"\n<p><strong>\u00c1rea C\u00edvel<\/strong>: <\/p>\n\n\n\n<ul><li>Direito de Fam\u00edlia e Direito Imobili\u00e1rio<\/li><li>Contratos Particulares e Empresariais &#8211; revis\u00e3o e elabora\u00e7\u00e3o<\/li><li>Defesa do Consumidor e Indeniza\u00e7\u00f5es<\/li><\/ul>\n","protected":false},"excerpt":{"rendered":"<p>\u00c1rea C\u00edvel: Direito de Fam\u00edlia e Direito Imobili\u00e1rio Contratos Particulares e Empresariais &#8211; revis\u00e3o e elabora\u00e7\u00e3o Defesa do Consumidor e Indeniza\u00e7\u00f5es<\/p>\n","protected":false},"author":1,"featured_media":0,"parent":0,"menu_order":0,"comment_status":"closed","ping_status":"closed","template":"","meta":[],"_links":{"self":[{"href":"https:\/\/jpbittencourt.com.br\/index.php?rest_route=\/wp\/v2\/pages\/42"}],"collection":[{"href":"https:\/\/jpbittencourt.com.br\/index.php?rest_route=\/wp\/v2\/pages"}],"about":[{"href":"https:\/\/jpbittencourt.com.br\/index.php?rest_route=\/wp\/v2\/types\/page"}],"author":[{"embeddable":true,"href":"https:\/\/jpbittencourt.com.br\/index.php?rest_route=\/wp\/v2\/users\/1"}],"replies":[{"embeddable":true,"href":"https:\/\/jpbittencourt.com.br\/index.php?rest_route=%2Fwp%2Fv2%2Fcomments&post=42"}],"version-history":[{"count":1,"href":"https:\/\/jpbittencourt.com.br\/index.php?rest_route=\/wp\/v2\/pages\/42\/revisions"}],"predecessor-version":[{"id":43,"href":"https:\/\/jpbittencourt.com.br\/index.php?rest_route=\/wp\/v2\/pages\/42\/revisions\/43"}],"wp:attachment":[{"href":"https:\/\/jpbittencourt.com.br\/index.php?rest_route=%2Fwp%2Fv2%2Fmedia&parent=42"}],"curies":[{"name":"wp","href":"https:\/\/api.w.org\/{rel}","templated":true}]}}